{"id":1089,"date":"2024-02-07T15:49:53","date_gmt":"2024-02-07T14:49:53","guid":{"rendered":"http:\/\/wp.tennis-nordhessen.de\/?page_id=1089"},"modified":"2024-10-31T11:58:04","modified_gmt":"2024-10-31T10:58:04","slug":"trainerliste","status":"publish","type":"page","link":"https:\/\/tennis-nordhessen.de\/index.php\/trainerliste\/","title":{"rendered":"Trainerliste"},"content":{"rendered":"\n<p>Seit dem Jahr 2008 unterh\u00e4lt der Tennisbezirk Nordhessen an dieser Stelle eine Liste der lizenzierten Tennistrainer. Diese Liste dient dem Zweck, die Kontaktaufnahme der Tennisvereine zu potentiellen Tennistrainern zu erleichtern.<\/p>\n\n\n\n<p>Dabei werden selbstverst\u00e4ndlich die Belange des Datenschutzes ber\u00fccksichtigt.<br>Bitte melden Sie Korrekturen und Erg\u00e4nzungen per Mail an&nbsp;<a href=\"mailto:TennisMueller@t-online.de\">Wilfried M\u00fcller<\/a><\/p>\n\n\n\n<figure class=\"wp-block-table is-style-stripes\"><table><thead><tr><th><strong>Name<\/strong><\/th><th><strong>Vorname<\/strong><\/th><th><strong>PLZ<\/strong><\/th><th><strong>Ort<\/strong><\/th><th><strong>Telefon &amp;&nbsp;<br>eMail<\/strong><\/th><th><strong><strong>Lizenz-Art &amp;&nbsp;<\/strong><\/strong><br><strong><strong>G\u00fcltig bis<\/strong><\/strong><\/th><\/tr><\/thead><tbody><tr><td>Neunteibl<\/td><td>Marko<\/td><td><\/td><td>Kassel<\/td><td>Tel.: 01787167028<br>eMail:&nbsp;<a href=\"mailto:neunti@hotmail.com\">neunti@hotmail.com<\/a><\/td><td>A &#8211; 2025<\/td><\/tr><tr><td>Brown<\/td><td>Gabriella<\/td><td>34270<\/td><td>Schauenburg<\/td><td>Tel.:&nbsp;0176\/10005883<br>eMail:&nbsp;<a href=\"mailto:gabibrown1@aol.com\">gabibrown1@aol.com<\/a><\/td><td>B &#8211; 2026<\/td><\/tr><tr><td>Grenzebach<\/td><td>Thomas<\/td><td>34327<\/td><td>K\u00f6rle<\/td><td>Tel.:&nbsp;0176\/47157487<br>eMail:&nbsp;<a href=\"mailto:Thgrenzebach@aol.com\">Thgrenzebach@aol.com<\/a><\/td><td>C &#8211; 2028<br>B &#8211; 2027<\/td><\/tr><tr><td>H\u00f6pfner<\/td><td>Christian<\/td><td>36179<\/td><td>Bebra<\/td><td>Tel.:&nbsp;0170\/5504643<br>eMail:&nbsp;<a href=\"mailto:christian_hoepfner@t-online.de\">christian_hoepfner@t-online.de<\/a><\/td><td>B &#8211; 2023<\/td><\/tr><tr><td>Hoffmann<\/td><td>Manuel<\/td><td><\/td><td><\/td><td>Tel.:&nbsp;0176\/82454990<br>eMail:&nbsp;<a href=\"mailto:manuel-hoffmann@gmx.de\">manuel-hoffmann@gmx.de<\/a><\/td><td>B &#8211; 2026<\/td><\/tr><tr><td>Kares<\/td><td>Martin<\/td><td>34497<\/td><td>Korbach<\/td><td>Tel.:&nbsp;0163\/2016809<br>eMail:&nbsp;<a href=\"mailto:Martin@kares-webdesign.de\">Martin@kares-webdesign.de<\/a><\/td><td>B &#8211; 2024<\/td><\/tr><tr><td>Meyer<\/td><td>Stefan<\/td><td>34260<\/td><td>Kaufungen<\/td><td>Tel.:&nbsp;0172\/8673137<br>eMail:&nbsp;<a href=\"mailto:info@mey-tenniscoach.de\">info@mey-tenniscoach.de<\/a><\/td><td>B &#8211; 2024<\/td><\/tr><tr><td>Rachow<\/td><td>Thomas<\/td><td>34225<\/td><td>Baunatal<\/td><td>Tel.:&nbsp;0173\/8245151<br>eMail:&nbsp;<a href=\"mailto:thomas.rachow@online.de\">thomas.rachow@online.de<\/a><\/td><td>B &#8211; 2026<\/td><\/tr><tr><td>Stondzik<\/td><td>Fabian<\/td><td><\/td><td>Kassel<\/td><td>Tel.:&nbsp;0171\/2885584<br>eMail:&nbsp;<a href=\"mailto:fabianstondzik@web.de\">fabianstondzik@web.de<\/a><\/td><td>B &#8211; 2024<\/td><\/tr><tr><td>Teichgr\u00e4ber<\/td><td>Thorsten<\/td><td><\/td><td>Kassel<\/td><td>Tel.:&nbsp;0172\/7236832<br>eMail:&nbsp;<a href=\"mailto:tennisschule@gogglemail.com\">tennisschule@gogglemail.com<\/a><\/td><td>B &#8211; 2025<\/td><\/tr><tr><td>Wiegand<\/td><td>Justyna<\/td><td>34292<\/td><td>Ahnatal<\/td><td>Tel.:&nbsp;0177\/2354310<br>eMail:&nbsp;<a href=\"mailto:lars-justi@t-online.de\">lars-justi@t-online.de<\/a><\/td><td>B &#8211; 2024<\/td><\/tr><tr><td>Bangert<\/td><td>Ralf<\/td><td>35104<\/td><td>Lichtenfels<\/td><td>Tel.:&nbsp;0160\/5821693<br>eMail:&nbsp;<a href=\"mailto:caraba@t-online.de\">caraba@t-online.de<\/a><\/td><td>C&nbsp;&#8211; 2025<\/td><\/tr><tr><td>Ernst<\/td><td>Wilfried<\/td><td>35066<\/td><td>Frankenberg<\/td><td>Tel.:&nbsp;06451\/4796<br>eMail:&nbsp;<a href=\"mailto:wilfriedernst@t-online.de\">wilfriedernst@t-online.de<\/a><\/td><td>C&nbsp;&#8211; 2024<\/td><\/tr><tr><td>Hartung<\/td><td>Alexander<\/td><td>34329<\/td><td>Nieste<\/td><td>Tel.:&nbsp;0151\/22935767<br>eMail:&nbsp;<a href=\"mailto:alexhartung@arcor.de\">alexhartung@arcor.de<\/a><\/td><td>C&nbsp;&#8211; 2023<\/td><\/tr><tr><td>Jacobs<\/td><td>Katharina<\/td><td>34537<\/td><td>Bad Wildungen<\/td><td>Tel.:&nbsp;0176\/57605226<br>eMail:&nbsp;<a href=\"mailto:kathi.jacobs@gmx.de\">kathi.jacobs@gmx.de<\/a><\/td><td>C&nbsp;&#8211; 2025<\/td><\/tr><tr><td>M\u00fcller<\/td><td>Kerstin<\/td><td>34277<\/td><td>Fuldabr\u00fcck<\/td><td>Tel.:&nbsp;0151\/75047759<br>eMail:&nbsp;<a href=\"mailto:muellerkerstin@com.de\">muellerkerstin@com.de<\/a><\/td><td>C&nbsp;&#8211; 2026<\/td><\/tr><tr><td>Reh<\/td><td>Gerrit<\/td><td>34314<\/td><td>Espenau<\/td><td>Tel.:&nbsp;05673\/920024<br>eMail:&nbsp;<a href=\"mailto:gerritreh@web.de\">gerritreh@web.de<\/a><\/td><td>C&nbsp;&#8211; 2023<\/td><\/tr><tr><td>Schr\u00f6der<\/td><td>Jens<\/td><td>34497<\/td><td>Korbach<\/td><td>eMail:&nbsp;<a href=\"mailto:jens-75@t-online.de\">jens-75@t-online.de<\/a><\/td><td>C&nbsp;&#8211; 2023<\/td><\/tr><tr><td>Stondzik<\/td><td>Klaus-Dieter<br><\/td><td><\/td><td>Kassel<\/td><td>Tel.:&nbsp;0151\/1615535<br>eMail:&nbsp;<a href=\"mailto:mkfstondzik@web.de\">mkfstondzik@web.de<\/a><\/td><td>C&nbsp;&#8211; 2027<\/td><\/tr><tr><td>Wengler<\/td><td>Gerhard<\/td><td>34314<\/td><td>Espenau<\/td><td>Tel.:&nbsp;05673\/2561<br>eMail:&nbsp;<a href=\"mailto:gerhard.wengler@t-online.de\">gerhard.wengler@t-online.de<\/a><\/td><td>C&nbsp;&#8211; 2023<\/td><\/tr><tr><td><\/td><td><\/td><td><\/td><td><\/td><td><\/td><td><\/td><\/tr><\/tbody><\/table><\/figure>\n","protected":false},"excerpt":{"rendered":"<p>Seit dem Jahr 2008 unterh\u00e4lt der Tennisbezirk Nordhessen an dieser Stelle eine Liste der lizenzierten Tennistrainer. Diese Liste dient dem [&hellip;]<\/p>\n","protected":false},"author":1,"featured_media":1847,"parent":0,"menu_order":0,"comment_status":"closed","ping_status":"closed","template":"","meta":{"footnotes":""},"class_list":["post-1089","page","type-page","status-publish","has-post-thumbnail","hentry"],"_links":{"self":[{"href":"https:\/\/tennis-nordhessen.de\/index.php\/wp-json\/wp\/v2\/pages\/1089","targetHints":{"allow":["GET"]}}],"collection":[{"href":"https:\/\/tennis-nordhessen.de\/index.php\/wp-json\/wp\/v2\/pages"}],"about":[{"href":"https:\/\/tennis-nordhessen.de\/index.php\/wp-json\/wp\/v2\/types\/page"}],"author":[{"embeddable":true,"href":"https:\/\/tennis-nordhessen.de\/index.php\/wp-json\/wp\/v2\/users\/1"}],"replies":[{"embeddable":true,"href":"https:\/\/tennis-nordhessen.de\/index.php\/wp-json\/wp\/v2\/comments?post=1089"}],"version-history":[{"count":1,"href":"https:\/\/tennis-nordhessen.de\/index.php\/wp-json\/wp\/v2\/pages\/1089\/revisions"}],"predecessor-version":[{"id":2091,"href":"https:\/\/tennis-nordhessen.de\/index.php\/wp-json\/wp\/v2\/pages\/1089\/revisions\/2091"}],"wp:featuredmedia":[{"embeddable":true,"href":"https:\/\/tennis-nordhessen.de\/index.php\/wp-json\/wp\/v2\/media\/1847"}],"wp:attachment":[{"href":"https:\/\/tennis-nordhessen.de\/index.php\/wp-json\/wp\/v2\/media?parent=1089"}],"curies":[{"name":"wp","href":"https:\/\/api.w.org\/{rel}","templated":true}]}}