{"id":2012,"date":"2024-04-21T21:31:01","date_gmt":"2024-04-21T19:31:01","guid":{"rendered":"https:\/\/tennis-nordhessen.de\/?page_id=2012"},"modified":"2024-04-21T21:31:22","modified_gmt":"2024-04-21T19:31:22","slug":"bezirksumlage","status":"publish","type":"page","link":"https:\/\/tennis-nordhessen.de\/index.php\/bezirksumlage\/","title":{"rendered":"Bezirksumlage"},"content":{"rendered":"<p>Information (Stand: April 2024)<br \/>\nDie Bezirksumlage wird seit \u00fcber 40 Jahren in unver\u00e4nderter H\u00f6he von 0,60 \u20ac (fr\u00fcher<br \/>\n1,- DM) pro dem HTV gemeldeten Mitglied erhoben. Eine Anhebung auf 1,- \u20ac pro<br \/>\nMitglied wurde auf der JHV 2024 abgelehnt.<\/p>\n<p>Jeder Verein hat dem Tennisbezirk eine g\u00fcltige Kontoverbindung mit einer (SEPA-)<br \/>\nEinzugserm\u00e4chtigung anzugeben, um diese abbuchen zu k\u00f6nnen. \u00c4nderungen sind<br \/>\ndem Finanzvorstand (E-Mail: TBNH-Finanzen@t-online.de) mitzuteilen, damit keine<br \/>\nunn\u00f6tigen R\u00fcckbuchungen erfolgen, die zus\u00e4tzliche Geb\u00fchren nach sich ziehen.<\/p>\n<p>F\u00fcr die Abbuchung wurde bisher keine weitere Rechnung gestellt, der Kontoauszug ist<br \/>\nf\u00fcr alle den Verein betreffenden Vorg\u00e4nge (z. B. Kassenpr\u00fcfung \/ Steuererkl\u00e4rung \/<br \/>\nusw.) ausreichend.<\/p>\n<p>Auf Anregung auf der JHV 2024 wird die Abbuchung den Vereinsvorsitzenden ab sofort<br \/>\nca. 14 Tage vorher per Mail angek\u00fcndigt, das kann dann auch als Rechnung dienen,<br \/>\nauf die einige Vereine Wert legen. Dazu sind die aktuellen E-Mail- Adressen im HTO<br \/>\nerforderlich.<\/p>\n","protected":false},"excerpt":{"rendered":"<p>Information (Stand: April 2024) Die Bezirksumlage wird seit \u00fcber 40 Jahren in unver\u00e4nderter H\u00f6he von 0,60 \u20ac (fr\u00fcher 1,- DM) [&hellip;]<\/p>\n","protected":false},"author":1,"featured_media":1847,"parent":0,"menu_order":0,"comment_status":"closed","ping_status":"closed","template":"","meta":{"footnotes":""},"class_list":["post-2012","page","type-page","status-publish","has-post-thumbnail","hentry"],"_links":{"self":[{"href":"https:\/\/tennis-nordhessen.de\/index.php\/wp-json\/wp\/v2\/pages\/2012","targetHints":{"allow":["GET"]}}],"collection":[{"href":"https:\/\/tennis-nordhessen.de\/index.php\/wp-json\/wp\/v2\/pages"}],"about":[{"href":"https:\/\/tennis-nordhessen.de\/index.php\/wp-json\/wp\/v2\/types\/page"}],"author":[{"embeddable":true,"href":"https:\/\/tennis-nordhessen.de\/index.php\/wp-json\/wp\/v2\/users\/1"}],"replies":[{"embeddable":true,"href":"https:\/\/tennis-nordhessen.de\/index.php\/wp-json\/wp\/v2\/comments?post=2012"}],"version-history":[{"count":1,"href":"https:\/\/tennis-nordhessen.de\/index.php\/wp-json\/wp\/v2\/pages\/2012\/revisions"}],"predecessor-version":[{"id":2013,"href":"https:\/\/tennis-nordhessen.de\/index.php\/wp-json\/wp\/v2\/pages\/2012\/revisions\/2013"}],"wp:featuredmedia":[{"embeddable":true,"href":"https:\/\/tennis-nordhessen.de\/index.php\/wp-json\/wp\/v2\/media\/1847"}],"wp:attachment":[{"href":"https:\/\/tennis-nordhessen.de\/index.php\/wp-json\/wp\/v2\/media?parent=2012"}],"curies":[{"name":"wp","href":"https:\/\/api.w.org\/{rel}","templated":true}]}}